{"id":147,"date":"2024-05-14T18:49:50","date_gmt":"2024-05-14T18:49:50","guid":{"rendered":"https:\/\/portugal-microelectronics.eu\/?page_id=147"},"modified":"2024-07-11T12:48:31","modified_gmt":"2024-07-11T12:48:31","slug":"clipping","status":"publish","type":"page","link":"https:\/\/portugal-microelectronics.eu\/index.php\/clipping\/","title":{"rendered":"Clipping"},"content":{"rendered":"\n<div class=\"row row-collapse align-center\"  id=\"row-682249872\">\n\n\n\t<div id=\"col-57524835\" class=\"col small-12 large-12\"  >\n\t\t\t\t<div class=\"col-inner\"  >\n\t\t\t\n\t\t\t\n\n\n  <div class=\"banner has-hover has-parallax\" id=\"banner-1319727672\">\n          <div class=\"banner-inner fill\">\n        <div class=\"banner-bg fill\" data-parallax=\"-3\" data-parallax-container=\".banner\" data-parallax-background>\n            <img loading=\"lazy\" decoding=\"async\" width=\"1000\" height=\"667\" src=\"https:\/\/portugal-microelectronics.eu\/wp-content\/uploads\/2024\/07\/AdobeStock_94286406_Preview.jpeg\" class=\"bg attachment-large size-large\" alt=\"\" \/>                                    \n                    <\/div>\n\t\t\n        <div class=\"banner-layers container\">\n            <div class=\"fill banner-link\"><\/div>            \n\n   <div id=\"text-box-1418520442\" class=\"text-box banner-layer x10 md-x10 lg-x10 y75 md-y75 lg-y75 res-text\">\n                                <div class=\"text-box-content text dark\">\n              \n              <div class=\"text-inner text-left\">\n                  \n\n<h3 class=\"uppercase\"><strong>Clipping<\/strong><\/h3>\n\n              <\/div>\n           <\/div>\n                            \n<style>\n#text-box-1418520442 .text-box-content {\n  background-color: rgba(255, 255, 255, 0.5);\n  font-size: 100%;\n}\n#text-box-1418520442 .text-inner {\n  padding: 50px 50px 20px 50px;\n}\n#text-box-1418520442 {\n  width: 29%;\n}\n<\/style>\n    <\/div>\n \n\n        <\/div>\n      <\/div>\n\n            \n<style>\n#banner-1319727672 {\n  padding-top: 700px;\n}\n<\/style>\n  <\/div>\n\n\n\n\t\t<\/div>\n\t\t\t\t\t<\/div>\n\n\t\n\n<\/div>\n\n\t<section class=\"section\" id=\"section_590942106\">\n\t\t<div class=\"section-bg fill\" >\n\t\t\t\t\t\t\t\t\t\n\t\t\t\n\n\t\t<\/div>\n\n\t\t\n\n\t\t<div class=\"section-content relative\">\n\t\t\t\n\n<div class=\"row align-center row-box-shadow-2 row-box-shadow-1-hover\"  id=\"row-618546842\">\n\n\n\t<div id=\"col-1689024833\" class=\"col medium-4 small-12 large-4\"  >\n\t\t\t\t<div class=\"col-inner\"  >\n\t\t\t\n\t\t\t\n\n\t<div class=\"box has-hover   has-hover box-text-bottom\" >\n\n\t\t<div class=\"box-image\" >\n\t\t\t<a href=\"https:\/\/eco.sapo.pt\/2024\/07\/10\/observatorio-da-microeletronica-sera-lancado-oficialmente-em-outubro\/\" target=\"_blank\" rel=\"noopener\" >\t\t\t<div class=\"\" >\n\t\t\t\t<img loading=\"lazy\" decoding=\"async\" width=\"2330\" height=\"1738\" src=\"https:\/\/portugal-microelectronics.eu\/wp-content\/uploads\/2024\/07\/Screenshot-2024-07-11-at-13.47.54.png\" class=\"attachment- size-\" alt=\"\" srcset=\"https:\/\/portugal-microelectronics.eu\/wp-content\/uploads\/2024\/07\/Screenshot-2024-07-11-at-13.47.54.png 2330w, https:\/\/portugal-microelectronics.eu\/wp-content\/uploads\/2024\/07\/Screenshot-2024-07-11-at-13.47.54-300x224.png 300w, https:\/\/portugal-microelectronics.eu\/wp-content\/uploads\/2024\/07\/Screenshot-2024-07-11-at-13.47.54-1024x764.png 1024w, https:\/\/portugal-microelectronics.eu\/wp-content\/uploads\/2024\/07\/Screenshot-2024-07-11-at-13.47.54-768x573.png 768w, https:\/\/portugal-microelectronics.eu\/wp-content\/uploads\/2024\/07\/Screenshot-2024-07-11-at-13.47.54-1536x1146.png 1536w, https:\/\/portugal-microelectronics.eu\/wp-content\/uploads\/2024\/07\/Screenshot-2024-07-11-at-13.47.54-2048x1528.png 2048w\" sizes=\"auto, (max-width: 2330px) 100vw, 2330px\" \/>\t\t\t\t\t\t\t\t\t\t\t<\/div>\n\t\t\t<\/a>\t\t<\/div>\n\n\t\t<div class=\"box-text text-center\" >\n\t\t\t<div class=\"box-text-inner\">\n\t\t\t\t\n\n<h4>ECO<\/h4>\n<p><em>Observat\u00f3rio da Microeletr\u00f3nica ser\u00e1 lan\u00e7ado oficialmente em outubro<\/em><\/p>\n<p><span style=\"font-size: 80%;\">10 Julho 2024<\/span><\/p>\n\n\n\t\t\t<\/div>\n\t\t<\/div>\n\t<\/div>\n\t\n\n\t\t<\/div>\n\t\t\t\t\t<\/div>\n\n\t\n\n\t<div id=\"col-148189688\" class=\"col medium-4 small-12 large-4\"  >\n\t\t\t\t<div class=\"col-inner\"  >\n\t\t\t\n\t\t\t\n\n\t<div class=\"box has-hover   has-hover box-text-bottom\" >\n\n\t\t<div class=\"box-image\" >\n\t\t\t<a href=\"https:\/\/jornaleconomico.sapo.pt\/noticias\/observatorio-da-agenda-da-microeletronica-vai-ser-lancado-em-outubro\/\" target=\"_blank\" rel=\"noopener\" >\t\t\t<div class=\"\" >\n\t\t\t\t<img loading=\"lazy\" decoding=\"async\" width=\"2518\" height=\"1740\" src=\"https:\/\/portugal-microelectronics.eu\/wp-content\/uploads\/2024\/07\/Screenshot-2024-07-11-at-13.46.18.png\" class=\"attachment- size-\" alt=\"\" srcset=\"https:\/\/portugal-microelectronics.eu\/wp-content\/uploads\/2024\/07\/Screenshot-2024-07-11-at-13.46.18.png 2518w, https:\/\/portugal-microelectronics.eu\/wp-content\/uploads\/2024\/07\/Screenshot-2024-07-11-at-13.46.18-300x207.png 300w, https:\/\/portugal-microelectronics.eu\/wp-content\/uploads\/2024\/07\/Screenshot-2024-07-11-at-13.46.18-1024x708.png 1024w, https:\/\/portugal-microelectronics.eu\/wp-content\/uploads\/2024\/07\/Screenshot-2024-07-11-at-13.46.18-768x531.png 768w, https:\/\/portugal-microelectronics.eu\/wp-content\/uploads\/2024\/07\/Screenshot-2024-07-11-at-13.46.18-1536x1061.png 1536w, https:\/\/portugal-microelectronics.eu\/wp-content\/uploads\/2024\/07\/Screenshot-2024-07-11-at-13.46.18-2048x1415.png 2048w\" sizes=\"auto, (max-width: 2518px) 100vw, 2518px\" \/>\t\t\t\t\t\t\t\t\t\t\t<\/div>\n\t\t\t<\/a>\t\t<\/div>\n\n\t\t<div class=\"box-text text-center\" >\n\t\t\t<div class=\"box-text-inner\">\n\t\t\t\t\n\n<h4>O Jornal Econ\u00f3mico<\/h4>\n<p><em>Observat\u00f3rio da agenda da Microeletr\u00f3nica vai ser lan\u00e7ado em outubro<\/em><\/p>\n<p><span style=\"font-size: 80%;\">10 Julho 2024<\/span><\/p>\n\n\n\t\t\t<\/div>\n\t\t<\/div>\n\t<\/div>\n\t\n\n\t\t<\/div>\n\t\t\t\t\t<\/div>\n\n\t\n\n\t<div id=\"col-1558920797\" class=\"col medium-4 small-12 large-4\"  >\n\t\t\t\t<div class=\"col-inner\"  >\n\t\t\t\n\t\t\t\n\n\t<div class=\"box has-hover   has-hover box-text-bottom\" >\n\n\t\t<div class=\"box-image\" >\n\t\t\t<a href=\"https:\/\/www.iol.pt\/prr\/plano-de-recuperacao-e-resiliencia\/tecnologica-de-agueda-produz-tecnologia-avancada-de-fibra-otica-para-multinacional-americana\/20240704\/66853a29d34e04989222acf0\" target=\"_blank\" rel=\"noopener\" >\t\t\t<div class=\"\" >\n\t\t\t\t<img loading=\"lazy\" decoding=\"async\" width=\"2706\" height=\"1744\" src=\"https:\/\/portugal-microelectronics.eu\/wp-content\/uploads\/2024\/07\/Screenshot-2024-07-06-at-13.08.01.png\" class=\"attachment- size-\" alt=\"\" srcset=\"https:\/\/portugal-microelectronics.eu\/wp-content\/uploads\/2024\/07\/Screenshot-2024-07-06-at-13.08.01.png 2706w, https:\/\/portugal-microelectronics.eu\/wp-content\/uploads\/2024\/07\/Screenshot-2024-07-06-at-13.08.01-300x193.png 300w, https:\/\/portugal-microelectronics.eu\/wp-content\/uploads\/2024\/07\/Screenshot-2024-07-06-at-13.08.01-1024x660.png 1024w, https:\/\/portugal-microelectronics.eu\/wp-content\/uploads\/2024\/07\/Screenshot-2024-07-06-at-13.08.01-768x495.png 768w, https:\/\/portugal-microelectronics.eu\/wp-content\/uploads\/2024\/07\/Screenshot-2024-07-06-at-13.08.01-1536x990.png 1536w, https:\/\/portugal-microelectronics.eu\/wp-content\/uploads\/2024\/07\/Screenshot-2024-07-06-at-13.08.01-2048x1320.png 2048w\" sizes=\"auto, (max-width: 2706px) 100vw, 2706px\" \/>\t\t\t\t\t\t\t\t\t\t\t<\/div>\n\t\t\t<\/a>\t\t<\/div>\n\n\t\t<div class=\"box-text text-center\" >\n\t\t\t<div class=\"box-text-inner\">\n\t\t\t\t\n\n<h4>IOL<\/h4>\n<p><em>Tecnol\u00f3gica de \u00c1gueda produz tecnologia avan\u00e7ada de fibra \u00f3tica para multinacional americana<\/em><\/p>\n<p><span style=\"font-size: 80%;\">4 Julho 2024<\/span><\/p>\n\n\t\t\t<\/div>\n\t\t<\/div>\n\t<\/div>\n\t\n\n\t\t<\/div>\n\t\t\t\t\t<\/div>\n\n\t\n\n\t<div id=\"col-1680612441\" class=\"col medium-4 small-12 large-4\"  >\n\t\t\t\t<div class=\"col-inner\"  >\n\t\t\t\n\t\t\t\n\n\t<div class=\"box has-hover   has-hover box-text-bottom\" >\n\n\t\t<div class=\"box-image\" >\n\t\t\t<a href=\"https:\/\/www.diarioaveiro.pt\/noticia\/137389\" target=\"_blank\" rel=\"noopener\" >\t\t\t<div class=\"\" >\n\t\t\t\t<img loading=\"lazy\" decoding=\"async\" width=\"2330\" height=\"1604\" src=\"https:\/\/portugal-microelectronics.eu\/wp-content\/uploads\/2024\/07\/Screenshot-2024-07-06-at-13.10.45.png\" class=\"attachment- size-\" alt=\"\" srcset=\"https:\/\/portugal-microelectronics.eu\/wp-content\/uploads\/2024\/07\/Screenshot-2024-07-06-at-13.10.45.png 2330w, https:\/\/portugal-microelectronics.eu\/wp-content\/uploads\/2024\/07\/Screenshot-2024-07-06-at-13.10.45-300x207.png 300w, https:\/\/portugal-microelectronics.eu\/wp-content\/uploads\/2024\/07\/Screenshot-2024-07-06-at-13.10.45-1024x705.png 1024w, https:\/\/portugal-microelectronics.eu\/wp-content\/uploads\/2024\/07\/Screenshot-2024-07-06-at-13.10.45-768x529.png 768w, https:\/\/portugal-microelectronics.eu\/wp-content\/uploads\/2024\/07\/Screenshot-2024-07-06-at-13.10.45-1536x1057.png 1536w, https:\/\/portugal-microelectronics.eu\/wp-content\/uploads\/2024\/07\/Screenshot-2024-07-06-at-13.10.45-2048x1410.png 2048w\" sizes=\"auto, (max-width: 2330px) 100vw, 2330px\" \/>\t\t\t\t\t\t\t\t\t\t\t<\/div>\n\t\t\t<\/a>\t\t<\/div>\n\n\t\t<div class=\"box-text text-center\" >\n\t\t\t<div class=\"box-text-inner\">\n\t\t\t\t\n\n<h4>Di\u00e1rio de Aveiro<\/h4>\n<p><em>\u00c1gueda: HFA produz tecnologia avan\u00e7ada de fibra \u00f3tica para norte-americana<\/em><\/p>\n<p><span style=\"font-size: 80%;\">28 Junho 2024<\/span><\/p>\n\n\t\t\t<\/div>\n\t\t<\/div>\n\t<\/div>\n\t\n\n\t\t<\/div>\n\t\t\t\t\t<\/div>\n\n\t\n\n\t<div id=\"col-437502730\" class=\"col medium-4 small-12 large-4\"  >\n\t\t\t\t<div class=\"col-inner\"  >\n\t\t\t\n\t\t\t\n\n\t<div class=\"box has-hover   has-hover box-text-bottom\" >\n\n\t\t<div class=\"box-image\" >\n\t\t\t<a href=\"https:\/\/jornaleconomico.sapo.pt\/noticias\/empresa-nacional-desenvolve-tecnologia-avancada-de-fibra-otica-para-multinacional-americana-com-o-prr\/\" target=\"_blank\" rel=\"noopener\" >\t\t\t<div class=\"\" >\n\t\t\t\t<img loading=\"lazy\" decoding=\"async\" width=\"2442\" height=\"1728\" src=\"https:\/\/portugal-microelectronics.eu\/wp-content\/uploads\/2024\/07\/Screenshot-2024-07-06-at-12.18.14.png\" class=\"attachment- size-\" alt=\"\" srcset=\"https:\/\/portugal-microelectronics.eu\/wp-content\/uploads\/2024\/07\/Screenshot-2024-07-06-at-12.18.14.png 2442w, https:\/\/portugal-microelectronics.eu\/wp-content\/uploads\/2024\/07\/Screenshot-2024-07-06-at-12.18.14-300x212.png 300w, https:\/\/portugal-microelectronics.eu\/wp-content\/uploads\/2024\/07\/Screenshot-2024-07-06-at-12.18.14-1024x725.png 1024w, https:\/\/portugal-microelectronics.eu\/wp-content\/uploads\/2024\/07\/Screenshot-2024-07-06-at-12.18.14-768x543.png 768w, https:\/\/portugal-microelectronics.eu\/wp-content\/uploads\/2024\/07\/Screenshot-2024-07-06-at-12.18.14-1536x1087.png 1536w, https:\/\/portugal-microelectronics.eu\/wp-content\/uploads\/2024\/07\/Screenshot-2024-07-06-at-12.18.14-2048x1449.png 2048w\" sizes=\"auto, (max-width: 2442px) 100vw, 2442px\" \/>\t\t\t\t\t\t\t\t\t\t\t<\/div>\n\t\t\t<\/a>\t\t<\/div>\n\n\t\t<div class=\"box-text text-center\" >\n\t\t\t<div class=\"box-text-inner\">\n\t\t\t\t\n\n<h4>O Jornal Econ\u00f3mico<\/h4>\n<p><em>Empresa nacional desenvolve tecnologia avan\u00e7ada de fibra \u00f3tica para multinacional americana com o PRR<\/em><\/p>\n<p><span style=\"font-size: 80%;\">26 Junho 2024<\/span><\/p>\n\n\t\t\t<\/div>\n\t\t<\/div>\n\t<\/div>\n\t\n\n\t\t<\/div>\n\t\t\t\t\t<\/div>\n\n\t\n\n\t<div id=\"col-1232720370\" class=\"col medium-4 small-12 large-4\"  >\n\t\t\t\t<div class=\"col-inner\"  >\n\t\t\t\n\t\t\t\n\n\t<div class=\"box has-hover   has-hover box-text-bottom\" >\n\n\t\t<div class=\"box-image\" >\n\t\t\t<a href=\"https:\/\/observador.pt\/2024\/06\/26\/portuguesa-hfa-produz-tecnologia-avancada-de-fibra-otica-para-norte-americana\/\" target=\"_blank\" rel=\"noopener\" >\t\t\t<div class=\"\" >\n\t\t\t\t<img loading=\"lazy\" decoding=\"async\" width=\"2682\" height=\"1634\" src=\"https:\/\/portugal-microelectronics.eu\/wp-content\/uploads\/2024\/07\/Screenshot-2024-07-04-at-16.39.29.png\" class=\"attachment- size-\" alt=\"\" srcset=\"https:\/\/portugal-microelectronics.eu\/wp-content\/uploads\/2024\/07\/Screenshot-2024-07-04-at-16.39.29.png 2682w, https:\/\/portugal-microelectronics.eu\/wp-content\/uploads\/2024\/07\/Screenshot-2024-07-04-at-16.39.29-300x183.png 300w, https:\/\/portugal-microelectronics.eu\/wp-content\/uploads\/2024\/07\/Screenshot-2024-07-04-at-16.39.29-1024x624.png 1024w, https:\/\/portugal-microelectronics.eu\/wp-content\/uploads\/2024\/07\/Screenshot-2024-07-04-at-16.39.29-768x468.png 768w, https:\/\/portugal-microelectronics.eu\/wp-content\/uploads\/2024\/07\/Screenshot-2024-07-04-at-16.39.29-1536x936.png 1536w, https:\/\/portugal-microelectronics.eu\/wp-content\/uploads\/2024\/07\/Screenshot-2024-07-04-at-16.39.29-2048x1248.png 2048w\" sizes=\"auto, (max-width: 2682px) 100vw, 2682px\" \/>\t\t\t\t\t\t\t\t\t\t\t<\/div>\n\t\t\t<\/a>\t\t<\/div>\n\n\t\t<div class=\"box-text text-center\" >\n\t\t\t<div class=\"box-text-inner\">\n\t\t\t\t\n\n<h4>Observador<\/h4>\n<p><em>Portuguesa HFA produz tecnologia avan\u00e7ada de fibra \u00f3tica para norte-americana<\/em><\/p>\n<p><span style=\"font-size: 80%;\">26 Junho 2024<\/span><\/p>\n\n\t\t\t<\/div>\n\t\t<\/div>\n\t<\/div>\n\t\n\n\t\t<\/div>\n\t\t\t\t\t<\/div>\n\n\t\n\n\t<div id=\"col-817198113\" class=\"col medium-4 small-12 large-4\"  >\n\t\t\t\t<div class=\"col-inner\"  >\n\t\t\t\n\t\t\t\n\n\t<div class=\"box has-hover   has-hover box-text-bottom\" >\n\n\t\t<div class=\"box-image\" >\n\t\t\t<a href=\"https:\/\/executivedigest.sapo.pt\/noticias\/empresa-portuguesa-investe-5-milhoes-de-euros-produz-tecnologia-avancada-de-fibra-otica-para-multinacional-americana\/\" target=\"_blank\" rel=\"noopener\" >\t\t\t<div class=\"\" >\n\t\t\t\t<img loading=\"lazy\" decoding=\"async\" width=\"2540\" height=\"1556\" src=\"https:\/\/portugal-microelectronics.eu\/wp-content\/uploads\/2024\/07\/Screenshot-2024-07-06-at-12.15.09.png\" class=\"attachment- size-\" alt=\"\" srcset=\"https:\/\/portugal-microelectronics.eu\/wp-content\/uploads\/2024\/07\/Screenshot-2024-07-06-at-12.15.09.png 2540w, https:\/\/portugal-microelectronics.eu\/wp-content\/uploads\/2024\/07\/Screenshot-2024-07-06-at-12.15.09-300x184.png 300w, https:\/\/portugal-microelectronics.eu\/wp-content\/uploads\/2024\/07\/Screenshot-2024-07-06-at-12.15.09-1024x627.png 1024w, https:\/\/portugal-microelectronics.eu\/wp-content\/uploads\/2024\/07\/Screenshot-2024-07-06-at-12.15.09-768x470.png 768w, https:\/\/portugal-microelectronics.eu\/wp-content\/uploads\/2024\/07\/Screenshot-2024-07-06-at-12.15.09-1536x941.png 1536w, https:\/\/portugal-microelectronics.eu\/wp-content\/uploads\/2024\/07\/Screenshot-2024-07-06-at-12.15.09-2048x1255.png 2048w\" sizes=\"auto, (max-width: 2540px) 100vw, 2540px\" \/>\t\t\t\t\t\t\t\t\t\t\t<\/div>\n\t\t\t<\/a>\t\t<\/div>\n\n\t\t<div class=\"box-text text-center\" >\n\t\t\t<div class=\"box-text-inner\">\n\t\t\t\t\n\n<h4>Executive Digest<\/h4>\n<p><em>Empresa portuguesa investe 5 milh\u00f5es de euros produz tecnologia avan\u00e7ada de fibra \u00f3tica para multinacional americana<\/em><\/p>\n<p><span style=\"font-size: 80%;\">26 Junho 2024<\/span><\/p>\n\n\t\t\t<\/div>\n\t\t<\/div>\n\t<\/div>\n\t\n\n\t\t<\/div>\n\t\t\t\t\t<\/div>\n\n\t\n\n\t<div id=\"col-218791221\" class=\"col medium-4 small-12 large-4\"  >\n\t\t\t\t<div class=\"col-inner\"  >\n\t\t\t\n\t\t\t\n\n\t<div class=\"box has-hover   has-hover box-text-bottom\" >\n\n\t\t<div class=\"box-image\" >\n\t\t\t<a href=\"https:\/\/eco.sapo.pt\/2024\/06\/26\/eletronica-de-agueda-aumenta-velocidade-da-internet-nas-casas-e-empresas-americanas\/\" target=\"_blank\" rel=\"noopener\" >\t\t\t<div class=\"\" >\n\t\t\t\t<img loading=\"lazy\" decoding=\"async\" width=\"2248\" height=\"1740\" src=\"https:\/\/portugal-microelectronics.eu\/wp-content\/uploads\/2024\/07\/Screenshot-2024-07-04-at-16.36.28.png\" class=\"attachment- size-\" alt=\"\" srcset=\"https:\/\/portugal-microelectronics.eu\/wp-content\/uploads\/2024\/07\/Screenshot-2024-07-04-at-16.36.28.png 2248w, https:\/\/portugal-microelectronics.eu\/wp-content\/uploads\/2024\/07\/Screenshot-2024-07-04-at-16.36.28-300x232.png 300w, https:\/\/portugal-microelectronics.eu\/wp-content\/uploads\/2024\/07\/Screenshot-2024-07-04-at-16.36.28-1024x793.png 1024w, https:\/\/portugal-microelectronics.eu\/wp-content\/uploads\/2024\/07\/Screenshot-2024-07-04-at-16.36.28-768x594.png 768w, https:\/\/portugal-microelectronics.eu\/wp-content\/uploads\/2024\/07\/Screenshot-2024-07-04-at-16.36.28-1536x1189.png 1536w, https:\/\/portugal-microelectronics.eu\/wp-content\/uploads\/2024\/07\/Screenshot-2024-07-04-at-16.36.28-2048x1585.png 2048w\" sizes=\"auto, (max-width: 2248px) 100vw, 2248px\" \/>\t\t\t\t\t\t\t\t\t\t\t<\/div>\n\t\t\t<\/a>\t\t<\/div>\n\n\t\t<div class=\"box-text text-center\" >\n\t\t\t<div class=\"box-text-inner\">\n\t\t\t\t\n\n<h4>ECO<\/h4>\n<p><em>Eletr\u00f3nica de \u00c1gueda aumenta velocidade da Internet nas casas e empresas americanas<\/em><\/p>\n<p><span style=\"font-size: 80%;\">26 Junho 2024<\/span><\/p>\n\n\t\t\t<\/div>\n\t\t<\/div>\n\t<\/div>\n\t\n\n\t\t<\/div>\n\t\t\t\t\t<\/div>\n\n\t\n\n\t<div id=\"col-951393441\" class=\"col medium-4 small-12 large-4\"  >\n\t\t\t\t<div class=\"col-inner\"  >\n\t\t\t\n\t\t\t\n\n\t<div class=\"box has-hover   has-hover box-text-bottom\" >\n\n\t\t<div class=\"box-image\" >\n\t\t\t<a href=\"https:\/\/jornaleconomico.sapo.pt\/noticias\/empresa-de-agueda-investe-500-mil-euros-em-solucoes-de-ia-para-reparar-30-dos-routers-portugueses\/\" target=\"_blank\" rel=\"noopener\" >\t\t\t<div class=\"\" >\n\t\t\t\t<img loading=\"lazy\" decoding=\"async\" width=\"2510\" height=\"1736\" src=\"https:\/\/portugal-microelectronics.eu\/wp-content\/uploads\/2024\/07\/Screenshot-2024-07-04-at-16.29.52.png\" class=\"attachment- size-\" alt=\"\" srcset=\"https:\/\/portugal-microelectronics.eu\/wp-content\/uploads\/2024\/07\/Screenshot-2024-07-04-at-16.29.52.png 2510w, https:\/\/portugal-microelectronics.eu\/wp-content\/uploads\/2024\/07\/Screenshot-2024-07-04-at-16.29.52-300x207.png 300w, https:\/\/portugal-microelectronics.eu\/wp-content\/uploads\/2024\/07\/Screenshot-2024-07-04-at-16.29.52-1024x708.png 1024w, https:\/\/portugal-microelectronics.eu\/wp-content\/uploads\/2024\/07\/Screenshot-2024-07-04-at-16.29.52-768x531.png 768w, https:\/\/portugal-microelectronics.eu\/wp-content\/uploads\/2024\/07\/Screenshot-2024-07-04-at-16.29.52-1536x1062.png 1536w, https:\/\/portugal-microelectronics.eu\/wp-content\/uploads\/2024\/07\/Screenshot-2024-07-04-at-16.29.52-2048x1416.png 2048w\" sizes=\"auto, (max-width: 2510px) 100vw, 2510px\" \/>\t\t\t\t\t\t\t\t\t\t\t<\/div>\n\t\t\t<\/a>\t\t<\/div>\n\n\t\t<div class=\"box-text text-center\" >\n\t\t\t<div class=\"box-text-inner\">\n\t\t\t\t\n\n<h4>O Jornal Econ\u00f3mico<\/h4>\n<p><em>Empresa de \u00c1gueda investe 500 mil euros em solu\u00e7\u00f5es de IA para reparar 30% dos routers portugueses<\/em><\/p>\n<p><span style=\"font-size: 80%;\">29 Maio 2024<\/span><\/p>\n\n\t\t\t<\/div>\n\t\t<\/div>\n\t<\/div>\n\t\n\n\t\t<\/div>\n\t\t\t\t\t<\/div>\n\n\t\n\n<\/div>\n\n\t\t<\/div>\n\n\t\t\n<style>\n#section_590942106 {\n  padding-top: 70px;\n  padding-bottom: 70px;\n}\n<\/style>\n\t<\/section>\n\t\n\n","protected":false},"excerpt":{"rendered":"","protected":false},"author":1,"featured_media":0,"parent":0,"menu_order":0,"comment_status":"closed","ping_status":"closed","template":"","meta":{"footnotes":""},"class_list":["post-147","page","type-page","status-publish","hentry"],"_links":{"self":[{"href":"https:\/\/portugal-microelectronics.eu\/index.php\/wp-json\/wp\/v2\/pages\/147","targetHints":{"allow":["GET"]}}],"collection":[{"href":"https:\/\/portugal-microelectronics.eu\/index.php\/wp-json\/wp\/v2\/pages"}],"about":[{"href":"https:\/\/portugal-microelectronics.eu\/index.php\/wp-json\/wp\/v2\/types\/page"}],"author":[{"embeddable":true,"href":"https:\/\/portugal-microelectronics.eu\/index.php\/wp-json\/wp\/v2\/users\/1"}],"replies":[{"embeddable":true,"href":"https:\/\/portugal-microelectronics.eu\/index.php\/wp-json\/wp\/v2\/comments?post=147"}],"version-history":[{"count":14,"href":"https:\/\/portugal-microelectronics.eu\/index.php\/wp-json\/wp\/v2\/pages\/147\/revisions"}],"predecessor-version":[{"id":609,"href":"https:\/\/portugal-microelectronics.eu\/index.php\/wp-json\/wp\/v2\/pages\/147\/revisions\/609"}],"wp:attachment":[{"href":"https:\/\/portugal-microelectronics.eu\/index.php\/wp-json\/wp\/v2\/media?parent=147"}],"curies":[{"name":"wp","href":"https:\/\/api.w.org\/{rel}","templated":true}]}}